{"id":95,"date":"2025-12-08T10:37:44","date_gmt":"2025-12-08T09:37:44","guid":{"rendered":"https:\/\/elektro-news.com\/?page_id=95"},"modified":"2025-12-18T14:20:53","modified_gmt":"2025-12-18T13:20:53","slug":"elektro-news","status":"publish","type":"page","link":"https:\/\/elektro-news.com\/index.php\/elektro-news\/","title":{"rendered":"Elektro News"},"content":{"rendered":"\t\t<div data-elementor-type=\"wp-page\" data-elementor-id=\"95\" class=\"elementor elementor-95\" data-elementor-post-type=\"page\">\n\t\t\t\t<div class=\"elementor-element elementor-element-92e6e72 e-flex e-con-boxed e-con e-parent\" data-id=\"92e6e72\" data-element_type=\"container\" data-settings=\"{&quot;background_background&quot;:&quot;classic&quot;}\">\n\t\t\t\t\t<div class=\"e-con-inner\">\n\t\t<div class=\"elementor-element elementor-element-799b90c e-con-full e-flex e-con e-child\" data-id=\"799b90c\" data-element_type=\"container\">\n\t\t\t\t<div class=\"elementor-element elementor-element-3d18347 elementor-widget elementor-widget-image\" data-id=\"3d18347\" data-element_type=\"widget\" data-widget_type=\"image.default\">\n\t\t\t\t<div class=\"elementor-widget-container\">\n\t\t\t\t\t\t\t\t\t\t\t\t\t\t\t<img decoding=\"async\" src=\"https:\/\/elektro-news.com\/wp-content\/plugins\/elementor\/assets\/images\/placeholder.png\" title=\"\" alt=\"\" loading=\"lazy\" \/>\t\t\t\t\t\t\t\t\t\t\t\t\t\t\t<\/div>\n\t\t\t\t<\/div>\n\t\t\t\t<\/div>\n\t\t<div class=\"elementor-element elementor-element-f0b44a3 e-con-full e-flex e-con e-child\" data-id=\"f0b44a3\" data-element_type=\"container\">\n\t\t\t\t<div class=\"elementor-element elementor-element-6cdfb10 elementor-widget elementor-widget-spacer\" data-id=\"6cdfb10\" data-element_type=\"widget\" data-widget_type=\"spacer.default\">\n\t\t\t\t<div class=\"elementor-widget-container\">\n\t\t\t\t\t\t\t<div class=\"elementor-spacer\">\n\t\t\t<div class=\"elementor-spacer-inner\"><\/div>\n\t\t<\/div>\n\t\t\t\t\t\t<\/div>\n\t\t\t\t<\/div>\n\t\t\t\t<div class=\"elementor-element elementor-element-13420f7 elementor-widget elementor-widget-heading\" data-id=\"13420f7\" data-element_type=\"widget\" data-widget_type=\"heading.default\">\n\t\t\t\t<div class=\"elementor-widget-container\">\n\t\t\t\t\t<h2 class=\"elementor-heading-title elementor-size-default\">Elektro-News <\/h2>\t\t\t\t<\/div>\n\t\t\t\t<\/div>\n\t\t\t\t<div class=\"elementor-element elementor-element-c434848 elementor-widget elementor-widget-text-editor\" data-id=\"c434848\" data-element_type=\"widget\" data-widget_type=\"text-editor.default\">\n\t\t\t\t<div class=\"elementor-widget-container\">\n\t\t\t\t\t\t\t\t\t<p>Aktuelles aus der Elektrobranche<\/p>\t\t\t\t\t\t\t\t<\/div>\n\t\t\t\t<\/div>\n\t\t\t\t<\/div>\n\t\t\t\t\t<\/div>\n\t\t\t\t<\/div>\n\t\t<div class=\"elementor-element elementor-element-3014589 e-flex e-con-boxed e-con e-parent\" data-id=\"3014589\" data-element_type=\"container\">\n\t\t\t\t\t<div class=\"e-con-inner\">\n\t\t\t\t<div class=\"elementor-element elementor-element-3e3f85b elementor-widget elementor-widget-spacer\" data-id=\"3e3f85b\" data-element_type=\"widget\" data-widget_type=\"spacer.default\">\n\t\t\t\t<div class=\"elementor-widget-container\">\n\t\t\t\t\t\t\t<div class=\"elementor-spacer\">\n\t\t\t<div class=\"elementor-spacer-inner\"><\/div>\n\t\t<\/div>\n\t\t\t\t\t\t<\/div>\n\t\t\t\t<\/div>\n\t\t\t\t<div class=\"elementor-element elementor-element-04ca484 elementor-widget elementor-widget-text-editor\" data-id=\"04ca484\" data-element_type=\"widget\" data-widget_type=\"text-editor.default\">\n\t\t\t\t<div class=\"elementor-widget-container\">\n\t\t\t\t\t\t\t\t\t<p>Auf Elektro-News findest du regelm\u00e4\u00dfig die wichtigsten Neuigkeiten aus der gesamten Elektrobranche. Von Produktneuheiten f\u00fchrender Hersteller \u00fcber technologische Trends und Normen-Updates<\/p><p>bis hin zu Berichten zu Fachmessen und Unternehmensentwicklungen<\/p><p>\u2013 wir halten dich immer auf dem Laufenden.<\/p><p>Die Plattform richtet sich an Elektroprofis, Fachbetriebe, Planer und alle,<\/p><p>die sich f\u00fcr moderne Elektrotechnik interessieren.<\/p><p>Bleib informiert und verpasse keine Innovation, die die Branche bewegt.<\/p>\t\t\t\t\t\t\t\t<\/div>\n\t\t\t\t<\/div>\n\t\t\t\t<div class=\"elementor-element elementor-element-43ef13a elementor-widget elementor-widget-spacer\" data-id=\"43ef13a\" data-element_type=\"widget\" data-widget_type=\"spacer.default\">\n\t\t\t\t<div class=\"elementor-widget-container\">\n\t\t\t\t\t\t\t<div class=\"elementor-spacer\">\n\t\t\t<div class=\"elementor-spacer-inner\"><\/div>\n\t\t<\/div>\n\t\t\t\t\t\t<\/div>\n\t\t\t\t<\/div>\n\t\t\t\t\t<\/div>\n\t\t\t\t<\/div>\n\t\t<div class=\"elementor-element elementor-element-d0a7029 e-flex e-con-boxed e-con e-parent\" data-id=\"d0a7029\" data-element_type=\"container\">\n\t\t\t\t\t<div class=\"e-con-inner\">\n\t\t<div class=\"elementor-element elementor-element-db42bc6 e-con-full e-flex e-con e-child\" data-id=\"db42bc6\" data-element_type=\"container\">\n\t\t\t\t<\/div>\n\t\t<div class=\"elementor-element elementor-element-d59149b e-con-full e-flex e-con e-child\" data-id=\"d59149b\" data-element_type=\"container\">\n\t\t\t\t<\/div>\n\t\t\t\t\t<\/div>\n\t\t\t\t<\/div>\n\t\t<div class=\"elementor-element elementor-element-62e50ef e-flex e-con-boxed e-con e-parent\" data-id=\"62e50ef\" data-element_type=\"container\">\n\t\t\t\t\t<div class=\"e-con-inner\">\n\t\t\t\t<div class=\"elementor-element elementor-element-5c99ff1 elementor-grid-3 elementor-grid-tablet-2 elementor-grid-mobile-1 elementor-posts--thumbnail-top elementor-widget elementor-widget-posts\" data-id=\"5c99ff1\" data-element_type=\"widget\" data-settings=\"{&quot;classic_columns&quot;:&quot;3&quot;,&quot;classic_columns_tablet&quot;:&quot;2&quot;,&quot;classic_columns_mobile&quot;:&quot;1&quot;,&quot;classic_row_gap&quot;:{&quot;unit&quot;:&quot;px&quot;,&quot;size&quot;:35,&quot;sizes&quot;:[]},&quot;classic_row_gap_tablet&quot;:{&quot;unit&quot;:&quot;px&quot;,&quot;size&quot;:&quot;&quot;,&quot;sizes&quot;:[]},&quot;classic_row_gap_mobile&quot;:{&quot;unit&quot;:&quot;px&quot;,&quot;size&quot;:&quot;&quot;,&quot;sizes&quot;:[]}}\" data-widget_type=\"posts.classic\">\n\t\t\t\t<div class=\"elementor-widget-container\">\n\t\t\t\t\t\t\t<div class=\"elementor-posts-container elementor-posts elementor-posts--skin-classic elementor-grid\">\n\t\t\t\t<article class=\"elementor-post elementor-grid-item post-1 post type-post status-publish format-standard hentry category-allgemein\">\n\t\t\t\t<div class=\"elementor-post__text\">\n\t\t\t\t<h3 class=\"elementor-post__title\">\n\t\t\t<a href=\"https:\/\/elektro-news.com\/index.php\/2025\/06\/04\/hallo-welt\/\" >\n\t\t\t\tHallo Welt!\t\t\t<\/a>\n\t\t<\/h3>\n\t\t\t\t<div class=\"elementor-post__meta-data\">\n\t\t\t\t\t<span class=\"elementor-post-date\">\n\t\t\t4. Juni 2025\t\t<\/span>\n\t\t\t\t<span class=\"elementor-post-avatar\">\n\t\t\t1\u00a0Kommentar\t\t<\/span>\n\t\t\t\t<\/div>\n\t\t\t\t<div class=\"elementor-post__excerpt\">\n\t\t\t<p>Willkommen bei WordPress. Dies ist dein erster Beitrag. Bearbeite oder l\u00f6sche ihn und beginne mit dem Schreiben!<\/p>\n\t\t<\/div>\n\t\t\n\t\t<a class=\"elementor-post__read-more\" href=\"https:\/\/elektro-news.com\/index.php\/2025\/06\/04\/hallo-welt\/\" aria-label=\"Mehr \u00fcber Hallo Welt!\" tabindex=\"-1\" >\n\t\t\tWeiterlesen \u00bb\t\t<\/a>\n\n\t\t\t\t<\/div>\n\t\t\t\t<\/article>\n\t\t\t\t<\/div>\n\t\t\n\t\t\t\t\t\t<\/div>\n\t\t\t\t<\/div>\n\t\t\t\t\t<\/div>\n\t\t\t\t<\/div>\n\t\t\t\t<\/div>\n\t\t","protected":false},"excerpt":{"rendered":"<p>Elektro-News Aktuelles aus der Elektrobranche Auf Elektro-News findest du regelm\u00e4\u00dfig die wichtigsten Neuigkeiten aus der gesamten Elektrobranche. Von Produktneuheiten f\u00fchrender Hersteller \u00fcber technologische Trends und Normen-Updates bis hin zu Berichten zu Fachmessen und Unternehmensentwicklungen \u2013 wir halten dich immer auf dem Laufenden. Die Plattform richtet sich an Elektroprofis, Fachbetriebe, Planer und alle, die sich f\u00fcr [&hellip;]<\/p>\n","protected":false},"author":3,"featured_media":0,"parent":0,"menu_order":0,"comment_status":"closed","ping_status":"closed","template":"","meta":{"footnotes":""},"class_list":["post-95","page","type-page","status-publish","hentry"],"yoast_head":"<!-- This site is optimized with the Yoast SEO plugin v25.2 - https:\/\/yoast.com\/wordpress\/plugins\/seo\/ -->\n<title>Elektro News - elektro-news.com<\/title>\n<meta name=\"robots\" content=\"noindex, follow, max-snippet:-1, max-image-preview:large, max-video-preview:-1\" \/>\n<meta property=\"og:locale\" content=\"de_DE\" \/>\n<meta property=\"og:type\" content=\"article\" \/>\n<meta property=\"og:title\" content=\"Elektro News - elektro-news.com\" \/>\n<meta property=\"og:description\" content=\"Elektro-News Aktuelles aus der Elektrobranche Auf Elektro-News findest du regelm\u00e4\u00dfig die wichtigsten Neuigkeiten aus der gesamten Elektrobranche. Von Produktneuheiten f\u00fchrender Hersteller \u00fcber technologische Trends und Normen-Updates bis hin zu Berichten zu Fachmessen und Unternehmensentwicklungen \u2013 wir halten dich immer auf dem Laufenden. Die Plattform richtet sich an Elektroprofis, Fachbetriebe, Planer und alle, die sich f\u00fcr [&hellip;]\" \/>\n<meta property=\"og:url\" content=\"http:\/\/elektro-news.com\/index.php\/elektro-news\/\" \/>\n<meta property=\"og:site_name\" content=\"elektro-news.com\" \/>\n<meta property=\"article:modified_time\" content=\"2025-12-18T13:20:53+00:00\" \/>\n<meta property=\"og:image\" content=\"https:\/\/elektro-news.com\/wp-content\/plugins\/elementor\/assets\/images\/placeholder.png\" \/>\n<meta name=\"twitter:card\" content=\"summary_large_image\" \/>\n<meta name=\"twitter:label1\" content=\"Gesch\u00e4tzte Lesezeit\" \/>\n\t<meta name=\"twitter:data1\" content=\"1\u00a0Minute\" \/>\n<script type=\"application\/ld+json\" class=\"yoast-schema-graph\">{\"@context\":\"https:\/\/schema.org\",\"@graph\":[{\"@type\":\"WebPage\",\"@id\":\"http:\/\/elektro-news.com\/index.php\/elektro-news\/\",\"url\":\"http:\/\/elektro-news.com\/index.php\/elektro-news\/\",\"name\":\"Elektro News - elektro-news.com\",\"isPartOf\":{\"@id\":\"http:\/\/elektro-news.com\/#website\"},\"primaryImageOfPage\":{\"@id\":\"http:\/\/elektro-news.com\/index.php\/elektro-news\/#primaryimage\"},\"image\":{\"@id\":\"http:\/\/elektro-news.com\/index.php\/elektro-news\/#primaryimage\"},\"thumbnailUrl\":\"https:\/\/elektro-news.com\/wp-content\/plugins\/elementor\/assets\/images\/placeholder.png\",\"datePublished\":\"2025-12-08T09:37:44+00:00\",\"dateModified\":\"2025-12-18T13:20:53+00:00\",\"breadcrumb\":{\"@id\":\"http:\/\/elektro-news.com\/index.php\/elektro-news\/#breadcrumb\"},\"inLanguage\":\"de\",\"potentialAction\":[{\"@type\":\"ReadAction\",\"target\":[\"http:\/\/elektro-news.com\/index.php\/elektro-news\/\"]}]},{\"@type\":\"ImageObject\",\"inLanguage\":\"de\",\"@id\":\"http:\/\/elektro-news.com\/index.php\/elektro-news\/#primaryimage\",\"url\":\"https:\/\/elektro-news.com\/wp-content\/plugins\/elementor\/assets\/images\/placeholder.png\",\"contentUrl\":\"https:\/\/elektro-news.com\/wp-content\/plugins\/elementor\/assets\/images\/placeholder.png\"},{\"@type\":\"BreadcrumbList\",\"@id\":\"http:\/\/elektro-news.com\/index.php\/elektro-news\/#breadcrumb\",\"itemListElement\":[{\"@type\":\"ListItem\",\"position\":1,\"name\":\"Startseite\",\"item\":\"http:\/\/elektro-news.com\/\"},{\"@type\":\"ListItem\",\"position\":2,\"name\":\"Elektro News\"}]},{\"@type\":\"WebSite\",\"@id\":\"http:\/\/elektro-news.com\/#website\",\"url\":\"http:\/\/elektro-news.com\/\",\"name\":\"elektro-news.com\",\"description\":\"\",\"publisher\":{\"@id\":\"http:\/\/elektro-news.com\/#organization\"},\"potentialAction\":[{\"@type\":\"SearchAction\",\"target\":{\"@type\":\"EntryPoint\",\"urlTemplate\":\"http:\/\/elektro-news.com\/?s={search_term_string}\"},\"query-input\":{\"@type\":\"PropertyValueSpecification\",\"valueRequired\":true,\"valueName\":\"search_term_string\"}}],\"inLanguage\":\"de\"},{\"@type\":\"Organization\",\"@id\":\"http:\/\/elektro-news.com\/#organization\",\"name\":\"elektro-news.com\",\"url\":\"http:\/\/elektro-news.com\/\",\"logo\":{\"@type\":\"ImageObject\",\"inLanguage\":\"de\",\"@id\":\"http:\/\/elektro-news.com\/#\/schema\/logo\/image\/\",\"url\":\"https:\/\/elektro-news.com\/wp-content\/uploads\/2025\/12\/cropped-ZDS-Logo-blau.png\",\"contentUrl\":\"https:\/\/elektro-news.com\/wp-content\/uploads\/2025\/12\/cropped-ZDS-Logo-blau.png\",\"width\":808,\"height\":178,\"caption\":\"elektro-news.com\"},\"image\":{\"@id\":\"http:\/\/elektro-news.com\/#\/schema\/logo\/image\/\"}}]}<\/script>\n<!-- \/ Yoast SEO plugin. -->","yoast_head_json":{"title":"Elektro News - elektro-news.com","robots":{"index":"noindex","follow":"follow","max-snippet":"max-snippet:-1","max-image-preview":"max-image-preview:large","max-video-preview":"max-video-preview:-1"},"og_locale":"de_DE","og_type":"article","og_title":"Elektro News - elektro-news.com","og_description":"Elektro-News Aktuelles aus der Elektrobranche Auf Elektro-News findest du regelm\u00e4\u00dfig die wichtigsten Neuigkeiten aus der gesamten Elektrobranche. Von Produktneuheiten f\u00fchrender Hersteller \u00fcber technologische Trends und Normen-Updates bis hin zu Berichten zu Fachmessen und Unternehmensentwicklungen \u2013 wir halten dich immer auf dem Laufenden. Die Plattform richtet sich an Elektroprofis, Fachbetriebe, Planer und alle, die sich f\u00fcr [&hellip;]","og_url":"http:\/\/elektro-news.com\/index.php\/elektro-news\/","og_site_name":"elektro-news.com","article_modified_time":"2025-12-18T13:20:53+00:00","og_image":[{"url":"https:\/\/elektro-news.com\/wp-content\/plugins\/elementor\/assets\/images\/placeholder.png","type":"","width":"","height":""}],"twitter_card":"summary_large_image","twitter_misc":{"Gesch\u00e4tzte Lesezeit":"1\u00a0Minute"},"schema":{"@context":"https:\/\/schema.org","@graph":[{"@type":"WebPage","@id":"http:\/\/elektro-news.com\/index.php\/elektro-news\/","url":"http:\/\/elektro-news.com\/index.php\/elektro-news\/","name":"Elektro News - elektro-news.com","isPartOf":{"@id":"http:\/\/elektro-news.com\/#website"},"primaryImageOfPage":{"@id":"http:\/\/elektro-news.com\/index.php\/elektro-news\/#primaryimage"},"image":{"@id":"http:\/\/elektro-news.com\/index.php\/elektro-news\/#primaryimage"},"thumbnailUrl":"https:\/\/elektro-news.com\/wp-content\/plugins\/elementor\/assets\/images\/placeholder.png","datePublished":"2025-12-08T09:37:44+00:00","dateModified":"2025-12-18T13:20:53+00:00","breadcrumb":{"@id":"http:\/\/elektro-news.com\/index.php\/elektro-news\/#breadcrumb"},"inLanguage":"de","potentialAction":[{"@type":"ReadAction","target":["http:\/\/elektro-news.com\/index.php\/elektro-news\/"]}]},{"@type":"ImageObject","inLanguage":"de","@id":"http:\/\/elektro-news.com\/index.php\/elektro-news\/#primaryimage","url":"https:\/\/elektro-news.com\/wp-content\/plugins\/elementor\/assets\/images\/placeholder.png","contentUrl":"https:\/\/elektro-news.com\/wp-content\/plugins\/elementor\/assets\/images\/placeholder.png"},{"@type":"BreadcrumbList","@id":"http:\/\/elektro-news.com\/index.php\/elektro-news\/#breadcrumb","itemListElement":[{"@type":"ListItem","position":1,"name":"Startseite","item":"http:\/\/elektro-news.com\/"},{"@type":"ListItem","position":2,"name":"Elektro News"}]},{"@type":"WebSite","@id":"http:\/\/elektro-news.com\/#website","url":"http:\/\/elektro-news.com\/","name":"elektro-news.com","description":"","publisher":{"@id":"http:\/\/elektro-news.com\/#organization"},"potentialAction":[{"@type":"SearchAction","target":{"@type":"EntryPoint","urlTemplate":"http:\/\/elektro-news.com\/?s={search_term_string}"},"query-input":{"@type":"PropertyValueSpecification","valueRequired":true,"valueName":"search_term_string"}}],"inLanguage":"de"},{"@type":"Organization","@id":"http:\/\/elektro-news.com\/#organization","name":"elektro-news.com","url":"http:\/\/elektro-news.com\/","logo":{"@type":"ImageObject","inLanguage":"de","@id":"http:\/\/elektro-news.com\/#\/schema\/logo\/image\/","url":"https:\/\/elektro-news.com\/wp-content\/uploads\/2025\/12\/cropped-ZDS-Logo-blau.png","contentUrl":"https:\/\/elektro-news.com\/wp-content\/uploads\/2025\/12\/cropped-ZDS-Logo-blau.png","width":808,"height":178,"caption":"elektro-news.com"},"image":{"@id":"http:\/\/elektro-news.com\/#\/schema\/logo\/image\/"}}]}},"_links":{"self":[{"href":"https:\/\/elektro-news.com\/index.php\/wp-json\/wp\/v2\/pages\/95","targetHints":{"allow":["GET"]}}],"collection":[{"href":"https:\/\/elektro-news.com\/index.php\/wp-json\/wp\/v2\/pages"}],"about":[{"href":"https:\/\/elektro-news.com\/index.php\/wp-json\/wp\/v2\/types\/page"}],"author":[{"embeddable":true,"href":"https:\/\/elektro-news.com\/index.php\/wp-json\/wp\/v2\/users\/3"}],"replies":[{"embeddable":true,"href":"https:\/\/elektro-news.com\/index.php\/wp-json\/wp\/v2\/comments?post=95"}],"version-history":[{"count":22,"href":"https:\/\/elektro-news.com\/index.php\/wp-json\/wp\/v2\/pages\/95\/revisions"}],"predecessor-version":[{"id":270,"href":"https:\/\/elektro-news.com\/index.php\/wp-json\/wp\/v2\/pages\/95\/revisions\/270"}],"wp:attachment":[{"href":"https:\/\/elektro-news.com\/index.php\/wp-json\/wp\/v2\/media?parent=95"}],"curies":[{"name":"wp","href":"https:\/\/api.w.org\/{rel}","templated":true}]}}